{"id":2410,"date":"2017-11-02T19:03:43","date_gmt":"2017-11-02T18:03:43","guid":{"rendered":"https:\/\/eurojob.company\/?page_id=2410"},"modified":"2019-12-06T20:28:13","modified_gmt":"2019-12-06T20:28:13","slug":"uslugi-budowlane_baudienstleistungen_bau","status":"publish","type":"page","link":"https:\/\/eurojob-west.eu\/de\/uslugi-budowlane_baudienstleistungen_bau\/","title":{"rendered":"BAUDIENSTLEISTUNGEN"},"content":{"rendered":"<div class=\"section mcb-section\"  style=\"padding-top:50px;\" >\n<div class=\"section_wrapper mcb-section-inner\">\n<div class=\"wrap mcb-wrap one  valign-top clearfix\" style=\"\" >\n<div class=\"mcb-wrap-inner\">\n<div class=\"column mcb-column one column_column  column-margin-\">\n<div class=\"column_attr clearfix\"  style=\"\">\n<h2 style=\"margin: 0;\">BAUDIENSTLEISTUNGEN<\/h2>\n<\/div>\n<\/div>\n<div class=\"column mcb-column one-second column_column  column-margin-\">\n<div class=\"column_attr clearfix\">\n<p class=\"big\">Leistungen der Firma Eurojob West unterbreiten wir Ihnen hier nur in Kurzform. Nat\u00fcrlich halten wir uns an die geltenden gesetzlichen Normen, Richtlinien und Bestimmungen. Bei jeder Ausf\u00fchrung legen wir besonders hohen Wert auf Qualit\u00e4t und fachm\u00e4nnische Ausf\u00fchrung. Vertrauen Sie Eurojob West als zuverl\u00e4ssigen Baudienstleister. Wir renovieren Immobilien auf h\u00f6chstem Niveau. Ein neuer Anstrich oder eine neue K\u00fcche sind nicht nur ein Genuss f\u00fcrs Auge, sondern auch notwendig f\u00fcr eine Wertsteigerung<\/p>\n<\/div>\n<\/div>\n<div class=\"column mcb-column one-second column_column  column-margin-\">\n<div class=\"column_attr clearfix\" >\n<p class=\"big\">der Immobilie und das eigene Wohlbefinden. Unsere zufriedenen Kunden sprechen B\u00e4nde. Wir sind europaweit t\u00e4tig vor allem in Belgien, den Niederlanden sowie Deutschland. Z\u00f6gern Sie nicht, kontaktieren Sie uns noch heute f\u00fcr ein unverbindliches Angebot! <\/p>\n<\/div>\n<\/div>\n<div class=\"column mcb-column one column_image \">\n<div class=\"image_frame image_item no_link scale-with-grid aligncenter no_border\" >\n<div class=\"image_wrapper\"><img decoding=\"async\" class=\"scale-with-grid\" src=\"\/wp-content\/uploads\/2017\/12\/Baudienstleistungen_Uslugi_Budowlane_eurojob-min.png\" alt=\"BAUDIENSTLEISTUNGEN Eurojob-West Sp. z o.o.\"   \/><\/div>\n<\/div>\n<\/div>\n<div class=\"column mcb-column one column_divider \">\n<hr class=\"no_line\" style=\"margin: 0 auto 20px;\"\/>\n<\/div>\n<div class=\"column mcb-column two-third column_column  column-margin-\">\n<hr class=\"no_line\" style=\"margin: 0 auto 20px;\"\/>\n<div class=\"list_item lists_2 clearfix\">\n<div class=\"list_left list_image\"><img decoding=\"async\" src=\"\/wp-content\/uploads\/2017\/11\/montaz_budynku_na_sucho_eurojob_west_sp_z_o_o-min.png\" class=\"scale-with-grid\" alt=\"TROCKENBAU Eurojob-West Sp. z o.o.\"\/><\/div>\n<div class=\"list_right\">\n<h4>TROCKENBAU<\/h4>\n<div class=\"desc\">Unser Bauunternehmen \u00fcbernimmt alle Arbeiten im Bereich des Trockenbaus. Zum Beispiel Bodenbel\u00e4ge, wie etwa Trockenestriche, Rigips- oder Deckenarbeiten, Wandbekleidungen oder D\u00e4mm- und Installationsarbeiten.<\/div>\n<\/div>\n<\/div>\n<hr class=\"no_line\" style=\"margin: 0 auto 20px;\"\/>\n<div class=\"list_item lists_2 clearfix\">\n<div class=\"list_left list_image\"><img decoding=\"async\" src=\"\/wp-content\/uploads\/2017\/11\/rohr_instalacje_sanitarne_eurojob_west_sp_z_o_o-min.png\" class=\"scale-with-grid\" alt=\"SANIT\u00c4R UND SANIT\u00c4RARBEITEN Eurojob-West Sp. z o.o.\"\/><\/div>\n<div class=\"list_right\">\n<h4>SANIT\u00c4R UND SANIT\u00c4RARBEITEN<\/h4>\n<div class=\"desc\">Erfahrene Sanit\u00e4rinstallateure, qualitative Ausf\u00fchrung sowie hervorragende Materialien. Bei uns kommen Kunden auf ihre Kosten! Alles aus einer Hand!<\/div>\n<\/div>\n<\/div>\n<hr class=\"no_line\" style=\"margin: 0 auto 20px;\"\/>\n<div class=\"list_item lists_2 clearfix\">\n<div class=\"list_left list_image\"><img decoding=\"async\" src=\"\/wp-content\/uploads\/2017\/11\/instalacje_elektryczne_eurojob_west_sp_z_o_o-min.png\" class=\"scale-with-grid\" alt=\"ELEKTROINSTALLATION Eurojob-West Sp. z o.o.\" \/><\/div>\n<div class=\"list_right\">\n<h4>ELEKTROINSTALLATION<\/h4>\n<div class=\"desc\">Ausgezeichnete Qualit\u00e4t, fachliches Know-How und Ideenreichtum zeichnen uns aus. Wir bieten Ihnen dabei eine gro\u00dfe Vielfalt an Leistungen f\u00fcr diverse Elektroinstallationen. Und auch hier gilt gilt: Qualit\u00e4t hei\u00dft Eurojob!<\/div>\n<\/div>\n<\/div>\n<hr class=\"no_line\" style=\"margin: 0 auto 20px;\"\/>\n<div class=\"list_item lists_2 clearfix\">\n<div class=\"list_left list_image\"><img decoding=\"async\" src=\"\/wp-content\/uploads\/2017\/11\/renowacja_rement_renovierungen_eurojob_westspzoo-min.png\" class=\"scale-with-grid\" alt=\"RENOVIERUNG \/ AUSBAUARBEITEN Eurojob-West Sp. z o.o.\" \/><\/div>\n<div class=\"list_right\">\n<h4>RENOVIERUNG \/ AUSBAUARBEITEN<\/h4>\n<div class=\"desc\">Wir bieten Ihnen alles aus einer Hand. Von kleineren Umbauma\u00dfnahmen bis hin zur vollumf\u00e4nglichen Sanierung. Wir stehen Ihnen &#8211; wie gewohnt -beratend zur Seite, von der Idee bis zur Fertigstellung. Ob Renovierung,  Umbau oder Ausbau. Unser Team besteht aus Spezialisten aus verschiedenen Fachgebieten. Wir garantieren Ihnen fachgerechte, professionelle und flexible Ausf\u00fchrung Ihres Auftrags.<\/div>\n<\/div>\n<\/div>\n<hr class=\"no_line\" style=\"margin: 0 auto 20px;\"\/>\n<div class=\"list_item lists_2 clearfix\">\n<div class=\"list_left list_image\"><img decoding=\"async\" src=\"\/wp-content\/uploads\/2017\/11\/budowanie_domu_pod_klucz_eurojob_west_Haus_bauen-min.png\" class=\"scale-with-grid\" alt=\"BAU SCHL\u00dcSSELFERTIGER H\u00c4USER Eurojob-West Sp. z o.o.\" \/><\/div>\n<div class=\"list_right\">\n<h4>BAU SCHL\u00dcSSELFERTIGER H\u00c4USER<\/h4>\n<div class=\"desc\">Der Traum vom Eigenheim? Wird mit Eurojob West kein Traum bleiben! Z\u00f6gern Sie nicht uns zu kontaktieren und mehr Informationen anzufordern. Wir arbeiten mit diversen Architekten sowie Subunternehmern f\u00fcr gr\u00f6\u00dfere Bauvorhaben zusammen. Keine Herausforderung ist f\u00fcr uns zu gro\u00df! Wie immer gilt: Qualitative Ausf\u00fchrung sowie ein Top Preis-Leistungs-Verh\u00e4ltnis! <\/div>\n<\/div>\n<\/div>\n<\/div>\n<\/div>\n<\/div>\n<\/div>\n<\/div>\n<\/div>\n<div class=\"column_attr clearfix\" style=\" background-color:#ffffff; padding:40px 30px 30px; border: 1px solid #808080;max-width:750px;margin: 0 auto;\">\n<h2 align=\"center\">KONTAKTANFRAGE<\/h2>\n<p class=\"big\" style=\"margin: 20px 5% 25px;\">Bei Interesse kontaktieren Sie uns gerne. Unsere Berater werden Ihnen schnellstm\u00f6glich ein unverbindliches und auf ihr Unternehmen und seine Bed\u00fcrfnisse zugeschnittenes Angebot zukommen lassen.<\/p>\n<p>[contact-form-7 id=&#8220;3522&#8243; title=&#8220;BAUDIENSTLEISTUNGEN&#8220;]\n<\/p><\/div>\n","protected":false},"excerpt":{"rendered":"<p>BAUDIENSTLEISTUNGEN Leistungen der Firma Eurojob West unterbreiten wir Ihnen hier nur in Kurzform. Nat\u00fcrlich halten wir uns an die geltenden gesetzlichen Normen, Richtlinien und Bestimmungen. Bei<span class=\"excerpt-hellip\"> [\u2026]<\/span><\/p>\n","protected":false},"author":1,"featured_media":0,"parent":0,"menu_order":0,"comment_status":"closed","ping_status":"closed","template":"","meta":[],"aioseo_notices":[],"_links":{"self":[{"href":"https:\/\/eurojob-west.eu\/de\/wp-json\/wp\/v2\/pages\/2410"}],"collection":[{"href":"https:\/\/eurojob-west.eu\/de\/wp-json\/wp\/v2\/pages"}],"about":[{"href":"https:\/\/eurojob-west.eu\/de\/wp-json\/wp\/v2\/types\/page"}],"author":[{"embeddable":true,"href":"https:\/\/eurojob-west.eu\/de\/wp-json\/wp\/v2\/users\/1"}],"replies":[{"embeddable":true,"href":"https:\/\/eurojob-west.eu\/de\/wp-json\/wp\/v2\/comments?post=2410"}],"version-history":[{"count":3,"href":"https:\/\/eurojob-west.eu\/de\/wp-json\/wp\/v2\/pages\/2410\/revisions"}],"predecessor-version":[{"id":3580,"href":"https:\/\/eurojob-west.eu\/de\/wp-json\/wp\/v2\/pages\/2410\/revisions\/3580"}],"wp:attachment":[{"href":"https:\/\/eurojob-west.eu\/de\/wp-json\/wp\/v2\/media?parent=2410"}],"curies":[{"name":"wp","href":"https:\/\/api.w.org\/{rel}","templated":true}]}}