{"id":2257,"date":"2015-06-29T06:53:35","date_gmt":"2015-06-29T06:53:35","guid":{"rendered":"http:\/\/themes.muffingroup.com\/be\/interactive\/?page_id=2"},"modified":"2019-12-07T15:07:10","modified_gmt":"2019-12-07T15:07:10","slug":"strona-glowna","status":"publish","type":"page","link":"https:\/\/eurojob-west.eu\/de\/","title":{"rendered":"STARTSEITE"},"content":{"rendered":"<div class=\"wrap mcb-wrap one  valign-top clearfix\" style=\"\">\n<div class=\"mcb-wrap-inner\">\n<div class=\"column mcb-column one-fourth column_column  column-margin-\">\n<div class=\"column_attr clearfix align_center\">\n<div class=\"offer_box\">\n<h5 style=\"color: #fff;\">UNSERE LEISTUNGEN<\/h5>\n<div class=\"offer_box_list\">\n\t<a href=\"\/uslugi-budowlane_baudienstleistungen_bau\/\">BAUDIENSTLEISTUNGEN<\/a><br \/>\n\t<a href=\"\/dla_pracodawcow_fuer_arbeitgeber\/\">PERSONALDIENSTLEISTUNGEN F\u00dcR ARBEITGEBER<\/a><br \/>\n\t<a href=\"\/jobs_oferty_pracy\/\">PERSONALDIENSTLEISTUNGEN F\u00dcR ARBEITNEHMER<\/a>\n<\/div>\n<\/div>\n<\/div>\n<\/div>\n<\/div>\n<div class=\"column mcb-column three-fourth column_slider_plugin \">\n<div class=\"mfn-main-slider\" id=\"mfn-rev-slider\">\n\t\t\t<!-- START Main De REVOLUTION SLIDER 6.2.22 --><p class=\"rs-p-wp-fix\"><\/p>\n\t\t\t<rs-module-wrap id=\"rev_slider_2_1_wrapper\" data-source=\"gallery\" style=\"background:transparent;padding:0;margin:0px auto;margin-top:0;margin-bottom:0;background-image:url(https:\/\/eurojob-west.eu\/wp-content\/uploads\/2019\/12\/Slider_eurojob_1_Jobs-min.jpg);background-repeat:no-repeat;background-size:cover;background-position:center center;\">\n\t\t\t\t<rs-module id=\"rev_slider_2_1\" style=\"\" data-version=\"6.2.22\">\n\t\t\t\t\t<rs-slides>\n\t\t\t\t\t\t<rs-slide data-key=\"rs-2\" data-title=\"Slide\" data-anim=\"ei:d;eo:d;s:1000;r:0;t:fade;sl:0;\">\n\t\t\t\t\t\t\t<img src=\"\/\/eurojob-west.eu\/wp-content\/plugins\/revslider\/public\/assets\/assets\/transparent.png\" alt=\"Slide\" title=\"STARTSEITE\" class=\"rev-slidebg\" data-no-retina>\n<!--\n\t\t\t\t\t\t\t--><rs-layer\n\t\t\t\t\t\t\t\tid=\"slider-2-slide-2-layer-0\" \n\t\t\t\t\t\t\t\tdata-type=\"shape\"\n\t\t\t\t\t\t\t\tdata-rsp_ch=\"on\"\n\t\t\t\t\t\t\t\tdata-xy=\"x:r;xo:-2px;y:c;\"\n\t\t\t\t\t\t\t\tdata-text=\"w:normal;\"\n\t\t\t\t\t\t\t\tdata-dim=\"w:325px;h:180px;\"\n\t\t\t\t\t\t\t\tdata-frame_1=\"e:power4.inOut;sp:1200;\"\n\t\t\t\t\t\t\t\tdata-frame_1_sfx=\"se:blocktoleft;\"\n\t\t\t\t\t\t\t\tdata-frame_999=\"o:0;e:power4.inOut;st:w;sp:1200;\"\n\t\t\t\t\t\t\t\tdata-frame_999_sfx=\"se:blocktoleft;\"\n\t\t\t\t\t\t\t\tstyle=\"z-index:5;background-color:#fbfbfb;\"\n\t\t\t\t\t\t\t> \n\t\t\t\t\t\t\t<\/rs-layer><!--\n\n\t\t\t\t\t\t\t--><rs-layer\n\t\t\t\t\t\t\t\tid=\"slider-2-slide-2-layer-2\" \n\t\t\t\t\t\t\t\tdata-type=\"text\"\n\t\t\t\t\t\t\t\tdata-color=\"#000000\"\n\t\t\t\t\t\t\t\tdata-rsp_ch=\"on\"\n\t\t\t\t\t\t\t\tdata-xy=\"x:575px;y:195px;\"\n\t\t\t\t\t\t\t\tdata-text=\"w:nowrap;s:27;l:34;\"\n\t\t\t\t\t\t\t\tdata-dim=\"w:279;\"\n\t\t\t\t\t\t\t\tdata-frame_0=\"x:100%;\"\n\t\t\t\t\t\t\t\tdata-frame_0_mask=\"u:t;\"\n\t\t\t\t\t\t\t\tdata-frame_1=\"sp:1000;\"\n\t\t\t\t\t\t\t\tdata-frame_1_mask=\"u:t;\"\n\t\t\t\t\t\t\t\tdata-frame_999=\"x:50;o:0;st:w;sp:1000;\"\n\t\t\t\t\t\t\t\tstyle=\"z-index:6;font-family:Lato;\"\n\t\t\t\t\t\t\t>WIR BRINGEN<br \/>\nIHR UNTERNEHMEN<br \/>\nAUF EIN NEUES LEVEL. \n\t\t\t\t\t\t\t<\/rs-layer><!--\n-->\t\t\t\t\t\t<\/rs-slide>\n\t\t\t\t\t\t<rs-slide data-key=\"rs-3\" data-title=\"Slide\" data-anim=\"ei:d;eo:d;s:1000;r:0;t:fade;sl:0;\">\n\t\t\t\t\t\t\t<img src=\"\/\/eurojob-west.eu\/wp-content\/uploads\/2019\/12\/slider_eurojob_west_uslugi_budowlane_baudienstleistungen.jpg\" title=\"slider_eurojob_west_uslugi_budowlane_baudienstleistungen\" width=\"876\" height=\"497\" class=\"rev-slidebg\" data-no-retina>\n<!--\n\t\t\t\t\t\t\t--><rs-layer\n\t\t\t\t\t\t\t\tid=\"slider-2-slide-3-layer-0\" \n\t\t\t\t\t\t\t\tdata-type=\"shape\"\n\t\t\t\t\t\t\t\tdata-rsp_ch=\"on\"\n\t\t\t\t\t\t\t\tdata-xy=\"x:r;xo:-2px;y:c;\"\n\t\t\t\t\t\t\t\tdata-text=\"w:normal;\"\n\t\t\t\t\t\t\t\tdata-dim=\"w:325px;h:180px;\"\n\t\t\t\t\t\t\t\tdata-frame_1=\"e:power4.inOut;sp:1200;\"\n\t\t\t\t\t\t\t\tdata-frame_1_sfx=\"se:blocktoleft;\"\n\t\t\t\t\t\t\t\tdata-frame_999=\"o:0;e:power4.inOut;st:w;sp:1200;\"\n\t\t\t\t\t\t\t\tdata-frame_999_sfx=\"se:blocktoleft;\"\n\t\t\t\t\t\t\t\tstyle=\"z-index:5;background-color:#fbfbfb;\"\n\t\t\t\t\t\t\t> \n\t\t\t\t\t\t\t<\/rs-layer><!--\n\n\t\t\t\t\t\t\t--><rs-layer\n\t\t\t\t\t\t\t\tid=\"slider-2-slide-3-layer-2\" \n\t\t\t\t\t\t\t\tdata-type=\"text\"\n\t\t\t\t\t\t\t\tdata-color=\"#000000\"\n\t\t\t\t\t\t\t\tdata-rsp_ch=\"on\"\n\t\t\t\t\t\t\t\tdata-xy=\"x:575px;y:195px;\"\n\t\t\t\t\t\t\t\tdata-text=\"w:nowrap;s:27;l:34;\"\n\t\t\t\t\t\t\t\tdata-dim=\"w:279;\"\n\t\t\t\t\t\t\t\tdata-frame_0=\"x:100%;\"\n\t\t\t\t\t\t\t\tdata-frame_0_mask=\"u:t;\"\n\t\t\t\t\t\t\t\tdata-frame_1=\"sp:1000;\"\n\t\t\t\t\t\t\t\tdata-frame_1_mask=\"u:t;\"\n\t\t\t\t\t\t\t\tdata-frame_999=\"x:50;o:0;st:w;sp:1000;\"\n\t\t\t\t\t\t\t\tstyle=\"z-index:6;font-family:Lato;\"\n\t\t\t\t\t\t\t>BAUEN SIE<br \/>\nIHREN TRAUM<br \/>\nMIT EUROJOB-WEST. \n\t\t\t\t\t\t\t<\/rs-layer><!--\n-->\t\t\t\t\t\t<\/rs-slide>\n\t\t\t\t\t<\/rs-slides>\n\t\t\t\t<\/rs-module>\n\t\t\t\t<script type=\"text\/javascript\">\n\t\t\t\t\tsetREVStartSize({c: 'rev_slider_2_1',rl:[1240,1024,778,480],el:[497],gw:[876],gh:[497],type:'standard',justify:'',layout:'fullwidth',mh:\"0\"});\n\t\t\t\t\tvar\trevapi2,\n\t\t\t\t\t\ttpj;\n\t\t\t\t\tfunction revinit_revslider21() {\n\t\t\t\t\tjQuery(function() {\n\t\t\t\t\t\ttpj = jQuery;\n\t\t\t\t\t\trevapi2 = tpj(\"#rev_slider_2_1\");\n\t\t\t\t\t\tif(revapi2==undefined || revapi2.revolution == undefined){\n\t\t\t\t\t\t\trevslider_showDoubleJqueryError(\"rev_slider_2_1\");\n\t\t\t\t\t\t}else{\n\t\t\t\t\t\t\trevapi2.revolution({\n\t\t\t\t\t\t\t\tvisibilityLevels:\"1240,1024,778,480\",\n\t\t\t\t\t\t\t\tgridwidth:876,\n\t\t\t\t\t\t\t\tgridheight:497,\n\t\t\t\t\t\t\t\tspinner:\"spinner2\",\n\t\t\t\t\t\t\t\tperspectiveType:\"local\",\n\t\t\t\t\t\t\t\teditorheight:\"497,768,960,720\",\n\t\t\t\t\t\t\t\tresponsiveLevels:\"1240,1024,778,480\",\n\t\t\t\t\t\t\t\tprogressBar:{disableProgressBar:true},\n\t\t\t\t\t\t\t\tnavigation: {\n\t\t\t\t\t\t\t\t\tkeyboardNavigation:true,\n\t\t\t\t\t\t\t\t\tonHoverStop:false,\n\t\t\t\t\t\t\t\t\ttouch: {\n\t\t\t\t\t\t\t\t\t\ttouchenabled:true,\n\t\t\t\t\t\t\t\t\t\ttouchOnDesktop:true\n\t\t\t\t\t\t\t\t\t}\n\t\t\t\t\t\t\t\t},\n\t\t\t\t\t\t\t\tfallbacks: {\n\t\t\t\t\t\t\t\t\tallowHTML5AutoPlayOnAndroid:true\n\t\t\t\t\t\t\t\t},\n\t\t\t\t\t\t\t});\n\t\t\t\t\t\t}\n\t\t\t\t\t\t\n\t\t\t\t\t});\n\t\t\t\t\t} \/\/ End of RevInitScript\n\t\t\t\tvar once_revslider21 = false;\n\t\t\t\tif (document.readyState === \"loading\") {document.addEventListener('readystatechange',function() { if((document.readyState === \"interactive\" || document.readyState === \"complete\") && !once_revslider21 ) { once_revslider21 = true; revinit_revslider21();}});} else {once_revslider21 = true; revinit_revslider21();}\n\t\t\t\t<\/script>\n\t\t\t\t<script>\n\t\t\t\t\tvar htmlDivCss = ' #rev_slider_2_1_wrapper rs-loader.spinner2{ background-color: #ffffff !important; } ';\n\t\t\t\t\tvar htmlDiv = document.getElementById('rs-plugin-settings-inline-css');\n\t\t\t\t\tif(htmlDiv) {\n\t\t\t\t\t\thtmlDiv.innerHTML = htmlDiv.innerHTML + htmlDivCss;\n\t\t\t\t\t}else{\n\t\t\t\t\t\tvar htmlDiv = document.createElement('div');\n\t\t\t\t\t\thtmlDiv.innerHTML = '<style>' + htmlDivCss + '<\/style>';\n\t\t\t\t\t\tdocument.getElementsByTagName('head')[0].appendChild(htmlDiv.childNodes[0]);\n\t\t\t\t\t}\n\t\t\t\t<\/script>\n\t\t\t<\/rs-module-wrap>\n\t\t\t<!-- END REVOLUTION SLIDER -->\n<\/div>\n<\/div>\n<\/div>\n<div class=\"section_wrapper mcb-section-inner\">\n<div class=\"wrap mcb-wrap one  valign-top clearfix\" style=\"\">\n<div class=\"mcb-wrap-inner\">\n<div class=\"column mcb-column one column_column  column-margin-\">\n<div class=\"column_attr clearfix align_center\" style=\"\">\n<h2>UNSERE VORTEILE <br \/>AUF DEN ERSTEN BLICK<\/h2>\n<\/div>\n<\/div>\n<div class=\"column mcb-column one column_divider \">\n<hr class=\"no_line\" style=\"margin: 0 auto 15px;\"><\/div>\n<div class=\"column mcb-column one-third column_icon_box \">\n<div class=\"icon_box icon_position_top no_border\">\n<div class=\"image_wrapper\"><img decoding=\"async\" src=\"\/wp-content\/uploads\/2018\/01\/qualit\u00e4t_jakosc_eurojob_west_main.png\" class=\"scale-with-grid\" alt=\"Qualit\u00e4t Eurojob-West Sp. z o.o.\" width=\"80\" height=\"80\"><\/div>\n<div class=\"desc_wrapper\">\n<h4>QUALIT\u00c4T<\/h4>\n<div class=\"desc\">\n<p style=\"height:100%;min-height:210px;\">Unsere Dienstleistungen zeichnen sich durch effiziente Qualit\u00e4tskontrollen aus. Sie sind darauf ausgelegt unseren Kunden die bestm\u00f6gliche Erfahrung mit unserem Unternehmen zu sichern, unabh\u00e4ngig davon, ob sie unsere Personal- oder Baudienstleistungen in Anspruch nehmen.<\/p>\n<\/div>\n<\/div>\n<\/div>\n<\/div>\n<div class=\"column mcb-column one-third column_icon_box \">\n<div class=\"icon_box icon_position_top no_border\">\n<div class=\"image_wrapper\"><img decoding=\"async\" src=\"\/wp-content\/uploads\/2018\/01\/Erfahrung_doswiadczenie_eurojob_west_main.png\" class=\"scale-with-grid\" alt=\"Erfahrung Eurojob-West Sp. z o.o.\" width=\"80\" height=\"80\"><\/div>\n<div class=\"desc_wrapper\">\n<h4>ERFAHRUNG<\/h4>\n<div class=\"desc\">\n<p style=\"height:100%;min-height:210px;\">Das Unternehmen Eurojob West existiert seit dem Jahr 2013 und sammelte in dieser Zeit zahlreiche Erfahrungen, die dabei geholfen haben das Team so effizient zu machen, wie es jetzt ist. Dar\u00fcber hinaus ist solide Berufserfahrung zwingendes Einstellungskriterium, weswegen die einzelnen Mitarbeiter unserer Abteilungen auch vor ihrer T\u00e4tigkeit in unserem Unternehmen bereits jahrelange Berufserfahrung in ihrer jeweiligen Branche gesammelt haben.<\/p>\n<\/div>\n<\/div>\n<\/div>\n<\/div>\n<div class=\"column mcb-column one-third column_icon_box \">\n<div class=\"icon_box icon_position_top no_border\">\n<div class=\"image_wrapper\"><img decoding=\"async\" src=\"\/wp-content\/uploads\/2018\/01\/service_serwis_eurojob_west_main.png\" class=\"scale-with-grid\" alt=\"Service Eurojob-West Sp. z o.o.\" width=\"80\" height=\"80\"><\/div>\n<div class=\"desc_wrapper\">\n<h4>SERVICE<\/h4>\n<div class=\"desc\">\n<p style=\"height:100%;min-height:210px;\">Wir legen besonderen Wert auf die Hochwertigkeit unseres Service. Zur Sicherstellung soll der Kunde nicht einzig mit der Qualit\u00e4t der jeweiligen Dienstleistung zufriedengestellt werden. Auch in der Realisierungsphase soll der unkomplizierte und transparente Kontakt zwischen unseren Kunden und uns einen bleibend guten Eindruck hinterlassen.\n<\/p>\n<\/div>\n<\/div>\n<\/div>\n<\/div>\n<\/div>\n<\/div>\n<\/div>\n<\/div>\n<div class=\"section mcb-section\" style=\"padding-top:30px; padding-bottom:0px; background-color:\">\n<div class=\"section_wrapper mcb-section-inner\">\n<div class=\"wrap mcb-wrap one  valign-top clearfix\" style=\"\">\n<div class=\"mcb-wrap-inner\">\n<div class=\"column mcb-column one-fourth column_column  column-margin-\">\n<div class=\"column_attr clearfix\" style=\" padding:50px 0 0;\">\n<h2>\u00dcBER UNS<\/h2>\n<hr class=\"no_line\" style=\"margin: 0 auto 10px;\">\n<h6>Erfahren Sie mehr \u00fcber den Werdegang des Unternehmens Eurojob West und unser Team.<\/h6>\n<hr class=\"no_line\" style=\"margin: 0 auto 10px;\">\n<div class=\"button_align align_right\"><a class=\"button  button_size_2 button_theme button_js\" href=\"company_nasz_zespol_unser_team_eurojob_west\/\"><span class=\"button_label\">SIEH MEHR<\/span><\/a><\/div>\n<\/div>\n<\/div>\n<div class=\"column mcb-column one-second column_image \">\n<div class=\"image_frame image_item no_link scale-with-grid aligncenter no_border\">\n<div class=\"image_wrapper\"><img decoding=\"async\" class=\"scale-with-grid\" src=\"\/wp-content\/uploads\/2018\/01\/Startseite_eurojob_west_sp_z_o_o_strona_glowna-min.jpg\" alt=\"Personaldienstleistungen Eurojob West Sp. z o.o.\" width=\"560\" height=\"497\"><\/div>\n<\/div>\n<\/div>\n<div class=\"column mcb-column one-fourth column_column  column-margin-\">\n<div class=\"column_attr clearfix\" style=\"\">\n<div class=\"counter counter_vertical animate-math\">\n<div class=\"icon_wrapper\">\n<div class=\"counter counter_vertical animate-math\"><div class=\"icon_wrapper\"><img src=\"https:\/\/eurojob.company\/wp-content\/uploads\/2015\/06\/home_interactive_counter_2.png\" alt=\"\" width=\"\" height=\"\"\/><\/div><div class=\"desc_wrapper\"><div class=\"number-wrapper\"><span class=\"number\" data-to=\"256\">256<\/span><\/div><p class=\"title\">\u00dcBER 200 ERFOLGREICHE PROJEKTE<\/p><\/div><\/div>\n<br \/>\n<hr class=\"no_line\" style=\"margin:0 auto 50px\"\/>\n<\/div>\n<\/div>\n<hr class=\"no_line\" style=\"margin: 0 auto 50px;\">\n<div class=\"counter counter_vertical animate-math\">\n<div class=\"icon_wrapper\"><div class=\"counter counter_vertical animate-math\"><div class=\"icon_wrapper\"><img src=\"https:\/\/eurojob.company\/wp-content\/uploads\/2015\/06\/home_interactive_counter_1.png\" alt=\"\" width=\"\" height=\"\"\/><\/div><div class=\"desc_wrapper\"><div class=\"number-wrapper\"><span class=\"number\" data-to=\"593\">593<\/span><\/div><p class=\"title\">\u00dcBER 500 ZUFRIEDENE KUNDEN<\/p><\/div><\/div>\n<\/div>\n<\/div>\n<\/div>\n<\/div>\n<\/div>\n<\/div>\n<\/div>\n<\/div>\n<div class=\"section mcb-section   \"style=\"padding-top:40px; padding-bottom:40px; background-color:\" >\n<div class=\"section_wrapper mcb-section-inner\">\n<div class=\"wrap mcb-wrap one  valign-top clearfix\" style=\"\" >\n<div class=\"mcb-wrap-inner\">\n<div class=\"column mcb-column one column_column  column-margin-\">\n<div class=\"column_attr clearfix align_center\"  style=\"\">\n<h2>EMPFEHLEN UNS<\/h2>\n<\/div>\n<\/div>\n<div class=\"column mcb-column one column_clients \">\n<ul class=\"clients clearfix \">\n<li style=\"width:25%\">\n<div class=\"client_wrapper\"><a target=\"_blank\" href=\"http:\/\/www.fraba.com\/de\/standorte\/standorte\/locations.php\" title=\"Conistics\" rel=\"noopener noreferrer\"><\/p>\n<div class=\"gs-wrapper\">\n<img width=\"250\" height=\"100\" src=\/wp-content\/uploads\/2018\/01\/zaufali_nam_conistics_eurojob_west_sp_z_o_o_.png\" alt=\"\" class=\"scale-with-grid wp-post-image\"><\/div>\n<p><\/a><\/div>\n<\/li>\n<li style=\"width:25%\">\n<div class=\"client_wrapper\"><a target=\"_blank\" href=\"https:\/\/www.gothaer.pl\" title=\"Gothaer Versicherungen\" rel=\"noopener noreferrer\"><\/p>\n<div class=\"gs-wrapper\">\n<img decoding=\"async\" width=\"250\" height=\"100\" src=\"\/wp-content\/uploads\/2018\/01\/zaufali_nam_gothaer_eurojob_west_sp_z_o_o_.png\" class=\"scale-with-grid wp-post-image\" alt=\"\"><\/div>\n<p><\/a><\/div>\n<\/li>\n<li style=\"width:25%\">\n<div class=\"client_wrapper\"><a target=\"_blank\" href=\"http:\/\/www.hofman-slubice.pl\" title=\"Hofman S\u0141UBICE\" rel=\"noopener noreferrer\"><\/p>\n<div class=\"gs-wrapper\">\n<img decoding=\"async\" width=\"250\" height=\"100\" src=\"\/wp-content\/uploads\/2018\/01\/zaufali_nam_Hofman_eurojob_west_sp_z_o_o_.png\"  alt=\"\" class=\"scale-with-grid wp-post-image\" ><\/div>\n<p><\/a><\/div>\n<\/li>\n<li style=\"width:25%\">\n<div class=\"client_wrapper\"><a target=\"_blank\" href=\"http:\/\/plazamarzahn.com\" title=\"Plaza Marzahn Berlin\" rel=\"noopener noreferrer\"><\/p>\n<div class=\"gs-wrapper\">\n<img decoding=\"async\" width=\"250\" height=\"100\" src=\"\/wp-content\/uploads\/2018\/01\/PlazaMarzahnLogo.png\" class=\"scale-with-grid wp-post-image\" alt=\"\"><\/div>\n<p><\/a><\/div>\n<\/li>\n<\/ul>\n<\/div>\n<\/div>\n<\/div>\n<\/div>\n<\/div>\n<div align=\"center\">\n<div id=\"wpgmza_map\" class=\"wpgmza_map\" data-settings='{\"id\":\"1\",\"map_title\":\"Eurojob-West Sp. z o.o. S\\u0142ubice\",\"map_width\":\"100\",\"map_height\":\"500\",\"map_start_lat\":\"52.358084\",\"map_start_lng\":\"14.565107\",\"map_start_location\":\"52.358083539040635,14.565106612559035\",\"map_start_zoom\":\"15\",\"default_marker\":\"0\",\"type\":\"1\",\"alignment\":\"2\",\"directions_enabled\":\"1\",\"styling_enabled\":\"0\",\"styling_json\":\"\",\"active\":\"0\",\"kml\":\"\",\"bicycle\":\"0\",\"traffic\":\"0\",\"dbox\":\"1\",\"dbox_width\":\"100\",\"listmarkers\":\"0\",\"listmarkers_advanced\":\"0\",\"filterbycat\":\"0\",\"ugm_enabled\":\"0\",\"ugm_category_enabled\":\"0\",\"fusion\":\"\",\"map_width_type\":\"\\\\%\",\"map_height_type\":\"px\",\"mass_marker_support\":\"1\",\"ugm_access\":\"0\",\"order_markers_by\":\"1\",\"order_markers_choice\":\"2\",\"show_user_location\":\"0\",\"default_to\":\"\",\"other_settings\":{\"store_locator_enabled\":2,\"store_locator_distance\":2,\"store_locator_default_radius\":10,\"store_locator_not_found_message\":\"No results found in this location. Please try again.\",\"store_locator_bounce\":1,\"store_locator_query_string\":\"ZIP \\\/ Address:\",\"store_locator_default_address\":\"\",\"wpgmza_store_locator_restrict\":\"\",\"wpgmza_store_locator_radius_style\":\"modern\",\"map_max_zoom\":\"1\",\"transport_layer\":0,\"wpgmza_theme_data\":\"[{\\\"featureType\\\":\\\"landscape\\\",\\\"stylers\\\":[{\\\"saturation\\\":-100},{\\\"lightness\\\":65},{\\\"visibility\\\":\\\"on\\\"}]},{\\\"featureType\\\":\\\"poi\\\",\\\"stylers\\\":[{\\\"saturation\\\":-100},{\\\"lightness\\\":51},{\\\"visibility\\\":\\\"simplified\\\"}]},{\\\"featureType\\\":\\\"road.highway\\\",\\\"stylers\\\":[{\\\"saturation\\\":-100},{\\\"visibility\\\":\\\"simplified\\\"}]},{\\\"featureType\\\":\\\"road.arterial\\\",\\\"stylers\\\":[{\\\"saturation\\\":-100},{\\\"lightness\\\":30},{\\\"visibility\\\":\\\"on\\\"}]},{\\\"featureType\\\":\\\"road.local\\\",\\\"stylers\\\":[{\\\"saturation\\\":-100},{\\\"lightness\\\":40},{\\\"visibility\\\":\\\"on\\\"}]},{\\\"featureType\\\":\\\"transit\\\",\\\"stylers\\\":[{\\\"saturation\\\":-100},{\\\"visibility\\\":\\\"simplified\\\"}]},{\\\"featureType\\\":\\\"administrative.province\\\",\\\"stylers\\\":[{\\\"visibility\\\":\\\"off\\\"}]},{\\\"featureType\\\":\\\"water\\\",\\\"elementType\\\":\\\"labels\\\",\\\"stylers\\\":[{\\\"visibility\\\":\\\"on\\\"},{\\\"lightness\\\":-25},{\\\"saturation\\\":-100}]},{\\\"featureType\\\":\\\"water\\\",\\\"elementType\\\":\\\"geometry\\\",\\\"stylers\\\":[{\\\"hue\\\":\\\"#ffff00\\\"},{\\\"lightness\\\":-25},{\\\"saturation\\\":-97}]}]\",\"wpgmza_show_points_of_interest\":1,\"wpgmza_auto_night\":0}}' data-map-id='1' Data-maps-engine='google-maps' data-shortcode-attributes='{\"id\":\"1\"}' style=\"display:block; overflow:auto; width:100%; height:500px; float:left;\"><\/div>\n<\/div>\n","protected":false},"excerpt":{"rendered":"<p>UNSERE LEISTUNGEN BAUDIENSTLEISTUNGEN PERSONALDIENSTLEISTUNGEN F\u00dcR ARBEITGEBER PERSONALDIENSTLEISTUNGEN F\u00dcR ARBEITNEHMER UNSERE VORTEILE AUF DEN ERSTEN BLICK QUALIT\u00c4T Unsere Dienstleistungen zeichnen sich durch effiziente Qualit\u00e4tskontrollen aus. Sie sind<span class=\"excerpt-hellip\"> [\u2026]<\/span><\/p>\n","protected":false},"author":1,"featured_media":0,"parent":0,"menu_order":0,"comment_status":"open","ping_status":"open","template":"","meta":[],"aioseo_notices":[],"_links":{"self":[{"href":"https:\/\/eurojob-west.eu\/de\/wp-json\/wp\/v2\/pages\/2257"}],"collection":[{"href":"https:\/\/eurojob-west.eu\/de\/wp-json\/wp\/v2\/pages"}],"about":[{"href":"https:\/\/eurojob-west.eu\/de\/wp-json\/wp\/v2\/types\/page"}],"author":[{"embeddable":true,"href":"https:\/\/eurojob-west.eu\/de\/wp-json\/wp\/v2\/users\/1"}],"replies":[{"embeddable":true,"href":"https:\/\/eurojob-west.eu\/de\/wp-json\/wp\/v2\/comments?post=2257"}],"version-history":[{"count":3,"href":"https:\/\/eurojob-west.eu\/de\/wp-json\/wp\/v2\/pages\/2257\/revisions"}],"predecessor-version":[{"id":3876,"href":"https:\/\/eurojob-west.eu\/de\/wp-json\/wp\/v2\/pages\/2257\/revisions\/3876"}],"wp:attachment":[{"href":"https:\/\/eurojob-west.eu\/de\/wp-json\/wp\/v2\/media?parent=2257"}],"curies":[{"name":"wp","href":"https:\/\/api.w.org\/{rel}","templated":true}]}}