{"id":2227,"date":"2015-06-30T12:44:52","date_gmt":"2015-06-30T12:44:52","guid":{"rendered":"http:\/\/themes.muffingroup.com\/be\/interactive\/?page_id=2227"},"modified":"2019-12-06T20:27:47","modified_gmt":"2019-12-06T20:27:47","slug":"dla_pracodawcow_fuer_arbeitgeber","status":"publish","type":"page","link":"https:\/\/eurojob-west.eu\/de\/dla_pracodawcow_fuer_arbeitgeber\/","title":{"rendered":"F\u00dcR ARBEITGEBER"},"content":{"rendered":"<div class=\"section mcb-section\"  style=\"padding-top:50px; padding-bottom:0px;\" >\n<div class=\"section_wrapper mcb-section-inner\">\n<div class=\"wrap mcb-wrap one  valign-top clearfix\" >\n<div class=\"mcb-wrap-inner\">\n<div class=\"column mcb-column one column_column\">\n<div class=\"column_attr clearfix\"  style=\"\">\n<h2 style=\"margin: 0;\">UNSERE LEISTUNGEN F\u00dcR ARBEITGEBER<\/h2>\n<\/div>\n<\/div>\n<div class=\"column mcb-column one-second column_column  column-margin-\">\n<div class=\"column_attr clearfix\"   style=\"align:justify;\">\n<p class=\"big\">Unsere Kunden sind vorwiegend im unternehmerischen Mittelstand angesiedelt, die unsere Dienstleistungen zur Effizienz- und oder Produktionssteigerungen in Anspruch nehmen.<br \/>\nWir bieten im Rahmen unserer Personaldienstleistungen neben Zeitarbeit auch die gezielte Rekrutierung von Personen auf offene Stellen des Kunden an.<\/p>\n<\/div>\n<\/div>\n<div class=\"column mcb-column one-second column_column  column-margin-\">\n<div class=\"column_attr clearfix\"   style=\"align:justify;\">\n<p class=\"big\">Die Arbeitsvermittlung Eurojob West hat sich seit ihrer Er\u00f6ffnung auf die Fahnen geschrieben, sich mit der zeitnahen und hochqualitativen Realisierung des Personalbedarfs ihrer Klienten durch die aktiven Bem\u00fchungen unserer eingespielten Rekrutierungskan\u00e4le im Inland sowie im Ausland einen Namen zu machen.<\/p>\n<\/div>\n<\/div>\n<div class=\"column mcb-column one column_image \">\n<div class=\"image_frame image_item no_link scale-with-grid aligncenter no_border\" >\n<div class=\"image_wrapper\">\n<img decoding=\"async\" class=\"scale-with-grid\" src=\"\/wp-content\/uploads\/2017\/12\/dla_pracodawcow_personaldienstleistungen-min.png\" alt=\"Leistungen f\u00fcr Arbeitgeber Eurojob-West Sp. z o.o.\"   \/>\n<\/div>\n<\/div>\n<\/div>\n<div class=\"column mcb-column one column_divider \">\n<hr class=\"no_line\" style=\"margin: 0 auto 20px;\"\/><\/div>\n<div class=\"column mcb-column two-third column_column  column-margin-\">\n<div class=\"column_attr clearfix\"  style=\"\">\n<div class=\"list_item lists_2 clearfix\">\n<div class=\"list_left list_image\">\n<img decoding=\"async\" src=\"\/wp-content\/uploads\/2017\/10\/praca_tymczhasowa_Eurojob_west-min.png\" class=\"scale-with-grid\" alt=\"Zeitarbeit Eurojob-West Sp. z o.o.\" \/><\/div>\n<div class=\"list_right\">\n<h4>ZEITARBEIT<\/h4>\n<div class=\"desc\">Wir bieten Ihnen zuverl\u00e4ssige und motivierte Mitarbeiter, die Ihr Unternehmen mit zus\u00e4tzlicher Arbeitsleistung unterst\u00fctzen. Die Mitarbeiter werden speziell nach den Kriterien unseres Kunden ausgesucht, um uneingeschr\u00e4nkte Zufriedenheit zu gew\u00e4hrleisten. \u00dcber die Zurverf\u00fcgungstellung hinausgehend helfen wir bei Bedarf gerne bei jeglichen organisatorischen Angelegenheiten, wie der Unterbringung, Amtsbesuchen o. \u00c4.<\/div>\n<\/div>\n<\/div>\n<hr class=\"no_line\" style=\"margin: 0 auto 20px;\"\/>\n<div class=\"list_item lists_2 clearfix\">\n<div class=\"list_left list_image\">\n<img decoding=\"async\" src=\"\/wp-content\/uploads\/2017\/10\/praca_stala_Eurojob_West-min.png\" class=\"scale-with-grid\" alt=\"Rekrutierung - Headhunting Eurojob-West Sp. z o.o.\" \/>\n<\/div>\n<div class=\"list_right\">\n<h4>REKRUTIERUNG &#8211; HEADHUNTING<\/h4>\n<div class=\"desc\">Bei offenen Stellenausschreibungen, die im Zuge eigener Anstrengungen nicht besetzt werden konnten, bieten wir unseren Kunden die gezielte Suche nach in das Stellenprofil passenden potenziellen Angestellten an. Die Grundlage daf\u00fcr bilden unsere weitreichenden Kontakte und Rekrutierungskan\u00e4le innerhalb verschiedenster Branchen im Inland sowie im Ausland.<\/div>\n<\/div>\n<\/div>\n<hr class=\"no_line\" style=\"margin: 0 auto 20px;\"\/>\n<div class=\"list_item lists_2 clearfix\">\n<div class=\"list_left list_image\">\n<img decoding=\"async\" src=\"\/wp-content\/uploads\/2017\/11\/konsultacja_consulting_-min.png\" class=\"scale-with-grid\" alt=\"Consulting Eurojob-West Sp. z o.o.\" \/><\/div>\n<div class=\"list_right\">\n<h4>CONSULTING<\/h4>\n<div class=\"desc\">Unsere Kunden profitieren von unserer Expertise im Fach, welche uns zur umfangreichen Beratung rund um das Thema Human Ressources bef\u00e4higt. Bei schwierigen Personalentscheidungen bieten wir gerne unsere Hilfe an, um das bestm\u00f6gliche Ergebnis f\u00fcr unsere Kunden sicherzustellen.<\/div>\n<\/div>\n<\/div>\n<hr class=\"no_line\" style=\"margin: 0 auto 20px;\"\/>\n<div class=\"list_item lists_2 clearfix\">\n<div class=\"list_left list_image\">\n<img decoding=\"async\" src=\"\/wp-content\/uploads\/2017\/10\/Outsourcing_Eurojob_West-min.png\" class=\"scale-with-grid\" alt=\"Andere HR-Dienstleistungen Eurojob-West Sp. z o.o.\" \/><\/div>\n<div class=\"list_right\">\n<h4>ANDERE HR-DIENSTLEISTUNGEN<\/h4>\n<div class=\"desc\">Wir sind offen f\u00fcr individuelle Absprachen und Arbeitszeitmodelle, um die Bed\u00fcrfnisse unserer Kunden optimal befriedigen zu k\u00f6nnen. <\/div>\n<\/div>\n<\/div>\n<\/div>\n<\/div>\n<\/div>\n<\/div>\n<\/div>\n<\/div>\n<div class=\"column_attr clearfix\" style=\" background-color:#ffffff; padding:40px 30px 30px; border: 1px solid #808080;max-width:750px;margin: 0 auto;\">\n<h2 align=\"center\">KONTAKTANFRAGE<\/h2>\n<p class=\"big\" style=\"margin: 20px 5% 25px;\">Bei Interesse kontaktieren Sie uns gerne. Unsere Berater werden Ihnen schnellstm\u00f6glich ein unverbindliches und auf ihr Unternehmen und seine Bed\u00fcrfnisse zugeschnittenes Angebot zukommen lassen.<\/p>\n<p>[contact-form-7 id=&#8220;3519&#8243; title=&#8220;FUER ARBEITSGEBER&#8220;]\n<\/p><\/div>\n","protected":false},"excerpt":{"rendered":"<p>UNSERE LEISTUNGEN F\u00dcR ARBEITGEBER Unsere Kunden sind vorwiegend im unternehmerischen Mittelstand angesiedelt, die unsere Dienstleistungen zur Effizienz- und oder Produktionssteigerungen in Anspruch nehmen. Wir bieten im<span class=\"excerpt-hellip\"> [\u2026]<\/span><\/p>\n","protected":false},"author":1,"featured_media":0,"parent":0,"menu_order":0,"comment_status":"open","ping_status":"open","template":"","meta":[],"aioseo_notices":[],"_links":{"self":[{"href":"https:\/\/eurojob-west.eu\/de\/wp-json\/wp\/v2\/pages\/2227"}],"collection":[{"href":"https:\/\/eurojob-west.eu\/de\/wp-json\/wp\/v2\/pages"}],"about":[{"href":"https:\/\/eurojob-west.eu\/de\/wp-json\/wp\/v2\/types\/page"}],"author":[{"embeddable":true,"href":"https:\/\/eurojob-west.eu\/de\/wp-json\/wp\/v2\/users\/1"}],"replies":[{"embeddable":true,"href":"https:\/\/eurojob-west.eu\/de\/wp-json\/wp\/v2\/comments?post=2227"}],"version-history":[{"count":3,"href":"https:\/\/eurojob-west.eu\/de\/wp-json\/wp\/v2\/pages\/2227\/revisions"}],"predecessor-version":[{"id":3579,"href":"https:\/\/eurojob-west.eu\/de\/wp-json\/wp\/v2\/pages\/2227\/revisions\/3579"}],"wp:attachment":[{"href":"https:\/\/eurojob-west.eu\/de\/wp-json\/wp\/v2\/media?parent=2227"}],"curies":[{"name":"wp","href":"https:\/\/api.w.org\/{rel}","templated":true}]}}