{"id":12,"date":"2015-06-29T09:39:37","date_gmt":"2015-06-29T09:39:37","guid":{"rendered":"http:\/\/themes.muffingroup.com\/be\/interactive\/?page_id=12"},"modified":"2020-05-07T14:37:03","modified_gmt":"2020-05-07T14:37:03","slug":"company_nasz_zespol_unser_team_eurojob_west","status":"publish","type":"page","link":"https:\/\/eurojob-west.eu\/de\/company_nasz_zespol_unser_team_eurojob_west\/","title":{"rendered":"UNSER TEAM"},"content":{"rendered":"<div class=\"section mcb-section\"  style=\"padding-top:50px; padding-bottom:0px; \" >\n<div class=\"wrap mcb-wrap one  valign-top clearfix\">\n<div class=\"column mcb-column two-fourth column_column  column-margin-\">\n<div class=\"column_attr clearfix\">\n<h2>VON DER IDEE ZUM UNTERNEHMEN<\/h2>\n<\/div>\n<\/div>\n<hr class=\"no_line\" style=\"margin: 0 auto 10px;\"\/><\/div>\n<div class=\"column mcb-column two-fourth column_image \">\n<div class=\"image_frame image_item no_link scale-with-grid aligncenter no_border\" >\n<div class=\"image_wrapper\">\n<img decoding=\"async\" class=\"scale-with-grid\" src=\"\/wp-content\/uploads\/2018\/01\/team_spolka_eurojob_west_work_hard-min.jpg\" alt=\"Eurojob-West- Sp. z o.o. Team\"   \/>\n<\/div>\n<\/div>\n<\/div>\n<p class=\"big\">Seit der Gr\u00fcndung des Unternehmens Eurojob West Sp. z o. o. im Jahr 2013 bietet das Unternehmen Personal- sowie Baudienstleistungen an. Unser Qualit\u00e4tsanspruch und unsere an den Tag gelegte Professionalit\u00e4t machten aus dem anf\u00e4nglichen Zwei-Mann Unternehmen innerhalb k\u00fcrzester Zeit einen der renommiertesten Dienstleister in der Region. Wir legen hohen Wert auf eine gute und individuelle, auf den Kunden und seine Bed\u00fcrfnisse angepasste Beratung. Vertrauen, Zuverl\u00e4ssigkeit und Transparenz sind f\u00fcr uns die Grundlage f\u00fcr eine langfristige Gesch\u00e4ftsbeziehung mit optimalem Nutzen f\u00fcr beide Seiten.<\/p>\n<p class=\"big\">\nUnser Team verbindet junge Dynamik mit jahrelanger Erfahrung im Beruf. Die stetige Motivation jedes Einzelnen von uns treibt uns jeden Tag aufs Neue zu H\u00f6chstleistungen.\n<\/p>\n<\/div>\n<\/div>\n<\/div>\n<div  align=\"center\"class=\"column_attr clearfix\" >\n<h2>DAS TEAM<\/h2>\n<\/div>\n<hr class=\"no_line\" style=\"margin: 0 auto 30px;\"\/>\n<div class=\"column mcb-column one-second\">\n<div class=\"image_frame image_item no_link scale-with-grid aligncenter no_border\"  style=\"text-align:justify;\">\n<div class=\"image_wrapper\" align=\"center\">\n<img decoding=\"async\" class=\"scale-with-grid\" src=\"\/wp-content\/uploads\/2018\/11\/team_spolka_eurojob_west_Michal_podyma-min.png\" alt=\"Michal Podyma Gesch\u00e4ftsf\u00fchrer Eurojob-West Sp. z o.o.\"   \/>\n<\/div>\n<\/div>\n<div align=\"center\">\n<h6>Michal Podyma<\/h6>\n<p>Vorsitzender Gesch\u00e4ftsf\u00fchrer<\/p><\/div>\n<\/div>\n<div class=\"column mcb-column one-second\">\n<div class=\"image_frame image_item no_link scale-with-grid aligncenter no_border\"  style=\"text-align:justify;\">\n<div class=\"image_wrapper\" align=\"center\">\n<img decoding=\"async\" class=\"scale-with-grid\" src=\"\/wp-content\/uploads\/2018\/11\/team_spolka_eurojob_west_Anatoli_tykhonenko-min.png\" alt=\"Anatolii Tykhonenko Mitatbeiter Eurojob-West Sp. z o.o.\"   \/>\n<\/div>\n<\/div>\n<div align=\"center\">\n<h6>Anatolii Tykhonenko<\/h6>\n<p>Stellvertretender Gesch\u00e4ftsf\u00fchrer<\/p><\/div>\n<\/div>\n<hr class=\"no_line\" style=\"margin: 0 auto 30px;\"\/>\n<div class=\"column mcb-column one-second\">\n<div class=\"image_frame image_item no_link scale-with-grid aligncenter no_border\"  style=\"text-align:justify;\">\n<div class=\"image_wrapper\" align=\"center\">\n<img decoding=\"async\" class=\"scale-with-grid\" src=\"\/wp-content\/uploads\/2018\/11\/team_spolka_eurojob_west_Svitlana_Ovseichuk-min.png\" alt=\"Swietlana Owsejczuk Eurojob-West Sp. z o.o.\"   \/>\n<\/div>\n<\/div>\n<div align=\"center\">\n<h6>Swietlana Owsejczuk<\/h6>\n<p>Project Manager<\/p><\/div>\n<\/div>\n<\/div>\n<\/div>\n<\/div>\n","protected":false},"excerpt":{"rendered":"<p>VON DER IDEE ZUM UNTERNEHMEN Seit der Gr\u00fcndung des Unternehmens Eurojob West Sp. z o. o. im Jahr 2013 bietet das Unternehmen Personal- sowie Baudienstleistungen an.<span class=\"excerpt-hellip\"> [\u2026]<\/span><\/p>\n","protected":false},"author":1,"featured_media":0,"parent":0,"menu_order":0,"comment_status":"open","ping_status":"open","template":"","meta":[],"aioseo_notices":[],"_links":{"self":[{"href":"https:\/\/eurojob-west.eu\/de\/wp-json\/wp\/v2\/pages\/12"}],"collection":[{"href":"https:\/\/eurojob-west.eu\/de\/wp-json\/wp\/v2\/pages"}],"about":[{"href":"https:\/\/eurojob-west.eu\/de\/wp-json\/wp\/v2\/types\/page"}],"author":[{"embeddable":true,"href":"https:\/\/eurojob-west.eu\/de\/wp-json\/wp\/v2\/users\/1"}],"replies":[{"embeddable":true,"href":"https:\/\/eurojob-west.eu\/de\/wp-json\/wp\/v2\/comments?post=12"}],"version-history":[{"count":4,"href":"https:\/\/eurojob-west.eu\/de\/wp-json\/wp\/v2\/pages\/12\/revisions"}],"predecessor-version":[{"id":3909,"href":"https:\/\/eurojob-west.eu\/de\/wp-json\/wp\/v2\/pages\/12\/revisions\/3909"}],"wp:attachment":[{"href":"https:\/\/eurojob-west.eu\/de\/wp-json\/wp\/v2\/media?parent=12"}],"curies":[{"name":"wp","href":"https:\/\/api.w.org\/{rel}","templated":true}]}}